{"id":19027,"date":"2023-04-26T05:11:33","date_gmt":"2023-04-26T05:11:33","guid":{"rendered":"https:\/\/betahoasen.inamsoft.com\/?page_id=19027"},"modified":"2024-01-25T18:53:38","modified_gmt":"2024-01-25T11:53:38","slug":"home-pc-view-4-5","status":"publish","type":"page","link":"https:\/\/hsc.edu.vn\/en\/home-pc-view-4-5\/","title":{"rendered":"home pc view 4-5 nh\u00f3m ng\u00e0nh"},"content":{"rendered":"<div data-elementor-type=\"wp-page\" data-elementor-id=\"19027\" class=\"elementor elementor-19027\">\n\t\t\t\t\t\t\t\t\t<section class=\"elementor-section elementor-top-section elementor-element elementor-element-5d00e22 elementor-section-boxed elementor-section-height-default elementor-section-height-default wpr-particle-no wpr-jarallax-no wpr-parallax-no wpr-sticky-section-no\" data-id=\"5d00e22\" data-element_type=\"section\">\n\t\t\t\t\t\t<div class=\"elementor-container elementor-column-gap-default\">\n\t\t\t\t\t<div class=\"elementor-column elementor-col-100 elementor-top-column elementor-element elementor-element-7d6053c\" data-id=\"7d6053c\" data-element_type=\"column\">\n\t\t\t<div class=\"elementor-widget-wrap\">\n\t\t\t\t\t\t\t\t\t<\/div>\n\t\t<\/div>\n\t\t\t\t\t\t\t<\/div>\n\t\t<\/section>\n\t\t\t\t<section class=\"elementor-section elementor-top-section elementor-element elementor-element-b1b9b70 elementor-hidden-mobile elementor-section-boxed elementor-section-height-default elementor-section-height-default wpr-particle-no wpr-jarallax-no wpr-parallax-no wpr-sticky-section-no\" data-id=\"b1b9b70\" data-element_type=\"section\">\n\t\t\t\t\t\t<div class=\"elementor-container elementor-column-gap-default\">\n\t\t\t\t\t<div class=\"elementor-column elementor-col-100 elementor-top-column elementor-element elementor-element-2c7cefe\" data-id=\"2c7cefe\" data-element_type=\"column\" data-settings=\"{&quot;background_background&quot;:&quot;classic&quot;}\">\n\t\t\t<div class=\"elementor-widget-wrap elementor-element-populated\">\n\t\t\t\t\t\t\t\t<div class=\"elementor-element elementor-element-9c49540 elementor-widget elementor-widget-spacer\" data-id=\"9c49540\" data-element_type=\"widget\" data-widget_type=\"spacer.default\">\n\t\t\t\t<div class=\"elementor-widget-container\">\n\t\t\t<style>\/*! elementor - v3.12.1 - 02-04-2023 *\/\n.elementor-column .elementor-spacer-inner{height:var(--spacer-size)}.e-con{--container-widget-width:100%}.e-con-inner>.elementor-widget-spacer,.e-con>.elementor-widget-spacer{width:var(--container-widget-width,var(--spacer-size));--align-self:var(--container-widget-align-self,initial);--flex-shrink:0}.e-con-inner>.elementor-widget-spacer>.elementor-widget-container,.e-con-inner>.elementor-widget-spacer>.elementor-widget-container>.elementor-spacer,.e-con>.elementor-widget-spacer>.elementor-widget-container,.e-con>.elementor-widget-spacer>.elementor-widget-container>.elementor-spacer{height:100%}.e-con-inner>.elementor-widget-spacer>.elementor-widget-container>.elementor-spacer>.elementor-spacer-inner,.e-con>.elementor-widget-spacer>.elementor-widget-container>.elementor-spacer>.elementor-spacer-inner{height:var(--container-widget-height,var(--spacer-size))}<\/style>\t\t<div class=\"elementor-spacer\">\n\t\t\t<div class=\"elementor-spacer-inner\"><\/div>\n\t\t<\/div>\n\t\t\t\t<\/div>\n\t\t\t\t<\/div>\n\t\t\t\t<div data-ep-wrapper-link=\"{&quot;url&quot;:&quot;thong-bao-dang-cap-nhat&quot;,&quot;is_external&quot;:&quot;&quot;,&quot;nofollow&quot;:&quot;&quot;,&quot;custom_attributes&quot;:&quot;&quot;}\" style=\"cursor: pointer\" class=\"bdt-element-link elementor-element elementor-element-e083f6a elementor-widget elementor-widget-heading\" data-id=\"e083f6a\" data-element_type=\"widget\" data-widget_type=\"heading.default\">\n\t\t\t\t<div class=\"elementor-widget-container\">\n\t\t\t<style>\/*! elementor - v3.12.1 - 02-04-2023 *\/\n.elementor-heading-title{padding:0;margin:0;line-height:1}.elementor-widget-heading .elementor-heading-title[class*=elementor-size-]>a{color:inherit;font-size:inherit;line-height:inherit}.elementor-widget-heading .elementor-heading-title.elementor-size-small{font-size:15px}.elementor-widget-heading .elementor-heading-title.elementor-size-medium{font-size:19px}.elementor-widget-heading .elementor-heading-title.elementor-size-large{font-size:29px}.elementor-widget-heading .elementor-heading-title.elementor-size-xl{font-size:39px}.elementor-widget-heading .elementor-heading-title.elementor-size-xxl{font-size:59px}<\/style><h2 class=\"elementor-heading-title elementor-size-medium\">5 NH\u00d3M NG\u00c0NH &amp; <br>9 NG\u00c0NH \u0110\u00c0O T\u1ea0O<\/h2>\t\t<\/div>\n\t\t\t\t<\/div>\n\t\t\t\t<div class=\"elementor-element elementor-element-37f50a9 elementor-widget elementor-widget-spacer\" data-id=\"37f50a9\" data-element_type=\"widget\" data-widget_type=\"spacer.default\">\n\t\t\t\t<div class=\"elementor-widget-container\">\n\t\t\t\t\t<div class=\"elementor-spacer\">\n\t\t\t<div class=\"elementor-spacer-inner\"><\/div>\n\t\t<\/div>\n\t\t\t\t<\/div>\n\t\t\t\t<\/div>\n\t\t\t\t<section class=\"elementor-section elementor-inner-section elementor-element elementor-element-07af95a elementor-section-boxed elementor-section-height-default elementor-section-height-default wpr-particle-no wpr-jarallax-no wpr-parallax-no wpr-sticky-section-no\" data-id=\"07af95a\" data-element_type=\"section\">\n\t\t\t\t\t\t<div class=\"elementor-container elementor-column-gap-default\">\n\t\t\t\t\t<div class=\"elementor-column elementor-col-33 elementor-inner-column elementor-element elementor-element-afe2673\" data-id=\"afe2673\" data-element_type=\"column\" data-settings=\"{&quot;background_background&quot;:&quot;classic&quot;}\">\n\t\t\t<div class=\"elementor-widget-wrap elementor-element-populated\">\n\t\t\t\t\t\t\t\t<div class=\"elementor-element elementor-element-ed4dac8 elementor-widget elementor-widget-image\" data-id=\"ed4dac8\" data-element_type=\"widget\" data-widget_type=\"image.default\">\n\t\t\t\t<div class=\"elementor-widget-container\">\n\t\t\t<style>\/*! elementor - v3.12.1 - 02-04-2023 *\/\n.elementor-widget-image{text-align:center}.elementor-widget-image a{display:inline-block}.elementor-widget-image a img[src$=\".svg\"]{width:48px}.elementor-widget-image img{vertical-align:middle;display:inline-block}<\/style>\t\t\t\t\t\t\t\t\t\t\t\t<img decoding=\"async\" width=\"1707\" height=\"2560\" src=\"https:\/\/hsc.edu.vn\/wp-content\/uploads\/2023\/04\/View-4-hinh-truong-2-scaled-1.jpg\" class=\"attachment-full size-full wp-image-15833\" alt=\"\" srcset=\"https:\/\/hsc.edu.vn\/wp-content\/uploads\/2023\/04\/View-4-hinh-truong-2-scaled-1.jpg 1707w, https:\/\/hsc.edu.vn\/wp-content\/uploads\/2023\/04\/View-4-hinh-truong-2-scaled-1-200x300.jpg 200w, https:\/\/hsc.edu.vn\/wp-content\/uploads\/2023\/04\/View-4-hinh-truong-2-scaled-1-683x1024.jpg 683w, https:\/\/hsc.edu.vn\/wp-content\/uploads\/2023\/04\/View-4-hinh-truong-2-scaled-1-768x1152.jpg 768w, https:\/\/hsc.edu.vn\/wp-content\/uploads\/2023\/04\/View-4-hinh-truong-2-scaled-1-1024x1536.jpg 1024w, https:\/\/hsc.edu.vn\/wp-content\/uploads\/2023\/04\/View-4-hinh-truong-2-scaled-1-1366x2048.jpg 1366w, https:\/\/hsc.edu.vn\/wp-content\/uploads\/2023\/04\/View-4-hinh-truong-2-scaled-1-8x12.jpg 8w\" sizes=\"(max-width: 1707px) 100vw, 1707px\" \/>\t\t\t\t\t\t\t\t\t\t\t\t\t\t\t<\/div>\n\t\t\t\t<\/div>\n\t\t\t\t\t<\/div>\n\t\t<\/div>\n\t\t\t\t<div class=\"elementor-column elementor-col-33 elementor-inner-column elementor-element elementor-element-c2e0030\" data-id=\"c2e0030\" data-element_type=\"column\" data-settings=\"{&quot;background_background&quot;:&quot;classic&quot;}\">\n\t\t\t<div class=\"elementor-widget-wrap elementor-element-populated\">\n\t\t\t\t\t\t\t\t<div class=\"elementor-element elementor-element-56f780f elementor-widget elementor-widget-image\" data-id=\"56f780f\" data-element_type=\"widget\" data-widget_type=\"image.default\">\n\t\t\t\t<div class=\"elementor-widget-container\">\n\t\t\t\t\t\t\t\t\t\t\t\t\t\t\t<img decoding=\"async\" src=\"https:\/\/hsc.edu.vn\/wp-content\/uploads\/elementor\/thumbs\/HSC-QuanTri-1-q67symfbm49s96vcrah2xnp32ykveb1p7vy85radpc.jpg\" title=\"HSC-QuanTri.jpg\" alt=\"HSC-QuanTri.jpg\" loading=\"lazy\" \/>\t\t\t\t\t\t\t\t\t\t\t\t\t\t\t<\/div>\n\t\t\t\t<\/div>\n\t\t\t\t<div class=\"elementor-element elementor-element-40d093a elementor-widget elementor-widget-heading\" data-id=\"40d093a\" data-element_type=\"widget\" data-widget_type=\"heading.default\">\n\t\t\t\t<div class=\"elementor-widget-container\">\n\t\t\t<h2 class=\"elementor-heading-title elementor-size-default\">NH\u00d3M NG\u00c0NH KINH T\u1ebe<\/h2>\t\t<\/div>\n\t\t\t\t<\/div>\n\t\t\t\t<div class=\"elementor-element elementor-element-7d7efed elementor-icon-list--layout-traditional elementor-list-item-link-full_width elementor-widget elementor-widget-icon-list\" data-id=\"7d7efed\" data-element_type=\"widget\" data-widget_type=\"icon-list.default\">\n\t\t\t\t<div class=\"elementor-widget-container\">\n\t\t\t<link rel=\"stylesheet\" href=\"https:\/\/hsc.edu.vn\/wp-content\/plugins\/elementor\/assets\/css\/widget-icon-list.min.css\">\t\t<ul class=\"elementor-icon-list-items\">\n\t\t\t\t\t\t\t<li class=\"elementor-icon-list-item\">\n\t\t\t\t\t\t\t\t\t\t\t<a href=\"https:\/\/tuyensinh.hsc.edu.vn\/quan-tri-kinh-doanh\">\n\n\t\t\t\t\t\t\t\t\t\t\t\t<span class=\"elementor-icon-list-icon\">\n\t\t\t\t\t\t\t<svg xmlns=\"http:\/\/www.w3.org\/2000\/svg\" width=\"29\" height=\"20\" viewbox=\"0 0 29 20\"><defs><style>      .cls-1 {        fill: #243e83;        fill-opacity: 0.6;        fill-rule: evenodd;      }    <\/style><\/defs><path id=\"Color_Fill_1\" data-name=\"Color Fill 1\" class=\"cls-1\" d=\"M0,0H18L29,10,17,20H0V0Z\"><\/path><\/svg>\t\t\t\t\t\t<\/span>\n\t\t\t\t\t\t\t\t\t\t<span class=\"elementor-icon-list-text\">Qu\u1ea3n tr\u1ecb Doanh Nghi\u1ec7p<\/span>\n\t\t\t\t\t\t\t\t\t\t\t<\/a>\n\t\t\t\t\t\t\t\t\t<\/li>\n\t\t\t\t\t\t\t\t<li class=\"elementor-icon-list-item\">\n\t\t\t\t\t\t\t\t\t\t\t<a href=\"https:\/\/tuyensinh.hsc.edu.vn\/ke-toan-doanh-nghiep\">\n\n\t\t\t\t\t\t\t\t\t\t\t\t<span class=\"elementor-icon-list-icon\">\n\t\t\t\t\t\t\t<svg xmlns=\"http:\/\/www.w3.org\/2000\/svg\" width=\"29\" height=\"20\" viewbox=\"0 0 29 20\"><defs><style>      .cls-1 {        fill: #243e83;        fill-opacity: 0.6;        fill-rule: evenodd;      }    <\/style><\/defs><path id=\"Color_Fill_1\" data-name=\"Color Fill 1\" class=\"cls-1\" d=\"M0,0H18L29,10,17,20H0V0Z\"><\/path><\/svg>\t\t\t\t\t\t<\/span>\n\t\t\t\t\t\t\t\t\t\t<span class=\"elementor-icon-list-text\">K\u1ebf to\u00e1n doanh nghi\u1ec7p<\/span>\n\t\t\t\t\t\t\t\t\t\t\t<\/a>\n\t\t\t\t\t\t\t\t\t<\/li>\n\t\t\t\t\t\t<\/ul>\n\t\t\t\t<\/div>\n\t\t\t\t<\/div>\n\t\t\t\t\t<\/div>\n\t\t<\/div>\n\t\t\t\t<div class=\"elementor-column elementor-col-33 elementor-inner-column elementor-element elementor-element-85edfd7\" data-id=\"85edfd7\" data-element_type=\"column\" data-settings=\"{&quot;background_background&quot;:&quot;classic&quot;}\">\n\t\t\t<div class=\"elementor-widget-wrap elementor-element-populated\">\n\t\t\t\t\t\t\t\t<div class=\"elementor-element elementor-element-321c9b9 elementor-widget elementor-widget-image\" data-id=\"321c9b9\" data-element_type=\"widget\" data-widget_type=\"image.default\">\n\t\t\t\t<div class=\"elementor-widget-container\">\n\t\t\t\t\t\t\t\t\t\t\t\t\t\t\t<img decoding=\"async\" src=\"https:\/\/hsc.edu.vn\/wp-content\/uploads\/elementor\/thumbs\/HSC-Nhom-Nganh-5-1-q67symfbm49s96vcrah2xnp32ykveb1p7vy85radpc.jpg\" title=\"HSC-Nhom-Nganh-5.jpg\" alt=\"HSC-Nhom-Nganh-5.jpg\" loading=\"lazy\" \/>\t\t\t\t\t\t\t\t\t\t\t\t\t\t\t<\/div>\n\t\t\t\t<\/div>\n\t\t\t\t<div class=\"elementor-element elementor-element-f856c09 elementor-widget elementor-widget-heading\" data-id=\"f856c09\" data-element_type=\"widget\" data-widget_type=\"heading.default\">\n\t\t\t\t<div class=\"elementor-widget-container\">\n\t\t\t<h2 class=\"elementor-heading-title elementor-size-default\">NH\u00d3M NG\u00c0NH NG\u00d4N NG\u1eee<\/h2>\t\t<\/div>\n\t\t\t\t<\/div>\n\t\t\t\t<div class=\"elementor-element elementor-element-0ad27b8 elementor-icon-list--layout-traditional elementor-list-item-link-full_width elementor-widget elementor-widget-icon-list\" data-id=\"0ad27b8\" data-element_type=\"widget\" data-widget_type=\"icon-list.default\">\n\t\t\t\t<div class=\"elementor-widget-container\">\n\t\t\t\t\t<ul class=\"elementor-icon-list-items\">\n\t\t\t\t\t\t\t<li class=\"elementor-icon-list-item\">\n\t\t\t\t\t\t\t\t\t\t\t<a href=\"https:\/\/tuyensinh.hsc.edu.vn\/tieng-anh-thuong-mai\">\n\n\t\t\t\t\t\t\t\t\t\t\t\t<span class=\"elementor-icon-list-icon\">\n\t\t\t\t\t\t\t<svg xmlns=\"http:\/\/www.w3.org\/2000\/svg\" width=\"29\" height=\"20\" viewbox=\"0 0 29 20\"><defs><style>      .cls-1 {        fill: #243e83;        fill-opacity: 0.6;        fill-rule: evenodd;      }    <\/style><\/defs><path id=\"Color_Fill_1\" data-name=\"Color Fill 1\" class=\"cls-1\" d=\"M0,0H18L29,10,17,20H0V0Z\"><\/path><\/svg>\t\t\t\t\t\t<\/span>\n\t\t\t\t\t\t\t\t\t\t<span class=\"elementor-icon-list-text\">Commercial English<\/span>\n\t\t\t\t\t\t\t\t\t\t\t<\/a>\n\t\t\t\t\t\t\t\t\t<\/li>\n\t\t\t\t\t\t<\/ul>\n\t\t\t\t<\/div>\n\t\t\t\t<\/div>\n\t\t\t\t\t<\/div>\n\t\t<\/div>\n\t\t\t\t\t\t\t<\/div>\n\t\t<\/section>\n\t\t\t\t<section class=\"elementor-section elementor-inner-section elementor-element elementor-element-bfc8e29 elementor-section-boxed elementor-section-height-default elementor-section-height-default wpr-particle-no wpr-jarallax-no wpr-parallax-no wpr-sticky-section-no\" data-id=\"bfc8e29\" data-element_type=\"section\">\n\t\t\t\t\t\t<div class=\"elementor-container elementor-column-gap-default\">\n\t\t\t\t\t<div class=\"elementor-column elementor-col-33 elementor-inner-column elementor-element elementor-element-cd6754f\" data-id=\"cd6754f\" data-element_type=\"column\" data-settings=\"{&quot;background_background&quot;:&quot;classic&quot;}\">\n\t\t\t<div class=\"elementor-widget-wrap elementor-element-populated\">\n\t\t\t\t\t\t\t\t<div class=\"elementor-element elementor-element-a38051a elementor-widget elementor-widget-image\" data-id=\"a38051a\" data-element_type=\"widget\" data-widget_type=\"image.default\">\n\t\t\t\t<div class=\"elementor-widget-container\">\n\t\t\t\t\t\t\t\t\t\t\t\t\t\t\t<img decoding=\"async\" src=\"https:\/\/hsc.edu.vn\/wp-content\/uploads\/elementor\/thumbs\/HSC-Nhom-Nganh-4-1-q67symfbm49s96vcrah2xnp32ykveb1p7vy85radpc.jpg\" title=\"HSC-Nhom-Nganh-4.jpg\" alt=\"HSC-Nhom-Nganh-4.jpg\" loading=\"lazy\" \/>\t\t\t\t\t\t\t\t\t\t\t\t\t\t\t<\/div>\n\t\t\t\t<\/div>\n\t\t\t\t<div class=\"elementor-element elementor-element-b92d33a elementor-widget elementor-widget-heading\" data-id=\"b92d33a\" data-element_type=\"widget\" data-widget_type=\"heading.default\">\n\t\t\t\t<div class=\"elementor-widget-container\">\n\t\t\t<h2 class=\"elementor-heading-title elementor-size-default\">NH\u00d3M NG\u00c0NH D\u1ecaCH V\u1ee4<\/h2>\t\t<\/div>\n\t\t\t\t<\/div>\n\t\t\t\t<div class=\"elementor-element elementor-element-b9530b4 elementor-icon-list--layout-traditional elementor-list-item-link-full_width elementor-widget elementor-widget-icon-list\" data-id=\"b9530b4\" data-element_type=\"widget\" data-widget_type=\"icon-list.default\">\n\t\t\t\t<div class=\"elementor-widget-container\">\n\t\t\t\t\t<ul class=\"elementor-icon-list-items\">\n\t\t\t\t\t\t\t<li class=\"elementor-icon-list-item\">\n\t\t\t\t\t\t\t\t\t\t\t<a href=\"https:\/\/tuyensinh.hsc.edu.vn\/quan-tri-khach-san\">\n\n\t\t\t\t\t\t\t\t\t\t\t\t<span class=\"elementor-icon-list-icon\">\n\t\t\t\t\t\t\t<svg xmlns=\"http:\/\/www.w3.org\/2000\/svg\" width=\"29\" height=\"20\" viewbox=\"0 0 29 20\"><defs><style>      .cls-1 {        fill: #243e83;        fill-opacity: 0.6;        fill-rule: evenodd;      }    <\/style><\/defs><path id=\"Color_Fill_1\" data-name=\"Color Fill 1\" class=\"cls-1\" d=\"M0,0H18L29,10,17,20H0V0Z\"><\/path><\/svg>\t\t\t\t\t\t<\/span>\n\t\t\t\t\t\t\t\t\t\t<span class=\"elementor-icon-list-text\">Qu\u1ea3n tr\u1ecb kh\u00e1ch s\u1ea1n<\/span>\n\t\t\t\t\t\t\t\t\t\t\t<\/a>\n\t\t\t\t\t\t\t\t\t<\/li>\n\t\t\t\t\t\t\t\t<li class=\"elementor-icon-list-item\">\n\t\t\t\t\t\t\t\t\t\t\t<a href=\"https:\/\/tuyensinh.hsc.edu.vn\/quan-tri-nha-hang\">\n\n\t\t\t\t\t\t\t\t\t\t\t\t<span class=\"elementor-icon-list-icon\">\n\t\t\t\t\t\t\t<svg xmlns=\"http:\/\/www.w3.org\/2000\/svg\" width=\"29\" height=\"20\" viewbox=\"0 0 29 20\"><defs><style>      .cls-1 {        fill: #243e83;        fill-opacity: 0.6;        fill-rule: evenodd;      }    <\/style><\/defs><path id=\"Color_Fill_1\" data-name=\"Color Fill 1\" class=\"cls-1\" d=\"M0,0H18L29,10,17,20H0V0Z\"><\/path><\/svg>\t\t\t\t\t\t<\/span>\n\t\t\t\t\t\t\t\t\t\t<span class=\"elementor-icon-list-text\">Qu\u1ea3n tr\u1ecb nh\u00e0 h\u00e0ng<\/span>\n\t\t\t\t\t\t\t\t\t\t\t<\/a>\n\t\t\t\t\t\t\t\t\t<\/li>\n\t\t\t\t\t\t<\/ul>\n\t\t\t\t<\/div>\n\t\t\t\t<\/div>\n\t\t\t\t\t<\/div>\n\t\t<\/div>\n\t\t\t\t<div class=\"elementor-column elementor-col-33 elementor-inner-column elementor-element elementor-element-26de424\" data-id=\"26de424\" data-element_type=\"column\" data-settings=\"{&quot;background_background&quot;:&quot;classic&quot;}\">\n\t\t\t<div class=\"elementor-widget-wrap elementor-element-populated\">\n\t\t\t\t\t\t\t\t<div class=\"elementor-element elementor-element-2bd1216 elementor-widget elementor-widget-image\" data-id=\"2bd1216\" data-element_type=\"widget\" data-widget_type=\"image.default\">\n\t\t\t\t<div class=\"elementor-widget-container\">\n\t\t\t\t\t\t\t\t\t\t\t\t\t\t\t<img decoding=\"async\" src=\"https:\/\/hsc.edu.vn\/wp-content\/uploads\/elementor\/thumbs\/HSC-Nhom-Nganh-3-1-q67symfbm49s96vcrah2xnp32ykveb1p7vy85radpc.jpg\" title=\"HSC-Nhom-Nganh-3.jpg\" alt=\"HSC-Nhom-Nganh-3.jpg\" loading=\"lazy\" \/>\t\t\t\t\t\t\t\t\t\t\t\t\t\t\t<\/div>\n\t\t\t\t<\/div>\n\t\t\t\t<div class=\"elementor-element elementor-element-54b736b elementor-widget elementor-widget-heading\" data-id=\"54b736b\" data-element_type=\"widget\" data-widget_type=\"heading.default\">\n\t\t\t\t<div class=\"elementor-widget-container\">\n\t\t\t<h2 class=\"elementor-heading-title elementor-size-default\">NH\u00d3M NG\u00c0NH C\u00d4NG NGH\u1ec6<\/h2>\t\t<\/div>\n\t\t\t\t<\/div>\n\t\t\t\t<div class=\"elementor-element elementor-element-cff5e56 elementor-icon-list--layout-traditional elementor-list-item-link-full_width elementor-widget elementor-widget-icon-list\" data-id=\"cff5e56\" data-element_type=\"widget\" data-widget_type=\"icon-list.default\">\n\t\t\t\t<div class=\"elementor-widget-container\">\n\t\t\t\t\t<ul class=\"elementor-icon-list-items\">\n\t\t\t\t\t\t\t<li class=\"elementor-icon-list-item\">\n\t\t\t\t\t\t\t\t\t\t\t<a href=\"https:\/\/hsc.edu.vn\/en\/thong-bao-dang-cap-nhat\/\">\n\n\t\t\t\t\t\t\t\t\t\t\t\t<span class=\"elementor-icon-list-icon\">\n\t\t\t\t\t\t\t<svg xmlns=\"http:\/\/www.w3.org\/2000\/svg\" width=\"29\" height=\"20\" viewbox=\"0 0 29 20\"><defs><style>      .cls-1 {        fill: #243e83;        fill-opacity: 0.6;        fill-rule: evenodd;      }    <\/style><\/defs><path id=\"Color_Fill_1\" data-name=\"Color Fill 1\" class=\"cls-1\" d=\"M0,0H18L29,10,17,20H0V0Z\"><\/path><\/svg>\t\t\t\t\t\t<\/span>\n\t\t\t\t\t\t\t\t\t\t<span class=\"elementor-icon-list-text\">Information technology<\/span>\n\t\t\t\t\t\t\t\t\t\t\t<\/a>\n\t\t\t\t\t\t\t\t\t<\/li>\n\t\t\t\t\t\t\t\t<li class=\"elementor-icon-list-item\">\n\t\t\t\t\t\t\t\t\t\t\t<a href=\"https:\/\/tuyensinh.hsc.edu.vn\/quan-tri-mang\">\n\n\t\t\t\t\t\t\t\t\t\t\t\t<span class=\"elementor-icon-list-icon\">\n\t\t\t\t\t\t\t<svg xmlns=\"http:\/\/www.w3.org\/2000\/svg\" width=\"29\" height=\"20\" viewbox=\"0 0 29 20\"><defs><style>      .cls-1 {        fill: #243e83;        fill-opacity: 0.6;        fill-rule: evenodd;      }    <\/style><\/defs><path id=\"Color_Fill_1\" data-name=\"Color Fill 1\" class=\"cls-1\" d=\"M0,0H18L29,10,17,20H0V0Z\"><\/path><\/svg>\t\t\t\t\t\t<\/span>\n\t\t\t\t\t\t\t\t\t\t<span class=\"elementor-icon-list-text\">Qu\u1ea3n tr\u1ecb m\u1ea1ng<\/span>\n\t\t\t\t\t\t\t\t\t\t\t<\/a>\n\t\t\t\t\t\t\t\t\t<\/li>\n\t\t\t\t\t\t\t\t<li class=\"elementor-icon-list-item\">\n\t\t\t\t\t\t\t\t\t\t\t<a href=\"https:\/\/tuyensinh.hsc.edu.vn\/thiet-ke-do-hoa\">\n\n\t\t\t\t\t\t\t\t\t\t\t\t<span class=\"elementor-icon-list-icon\">\n\t\t\t\t\t\t\t<svg xmlns=\"http:\/\/www.w3.org\/2000\/svg\" width=\"29\" height=\"20\" viewbox=\"0 0 29 20\"><defs><style>      .cls-1 {        fill: #243e83;        fill-opacity: 0.6;        fill-rule: evenodd;      }    <\/style><\/defs><path id=\"Color_Fill_1\" data-name=\"Color Fill 1\" class=\"cls-1\" d=\"M0,0H18L29,10,17,20H0V0Z\"><\/path><\/svg>\t\t\t\t\t\t<\/span>\n\t\t\t\t\t\t\t\t\t\t<span class=\"elementor-icon-list-text\">Graphic Design<\/span>\n\t\t\t\t\t\t\t\t\t\t\t<\/a>\n\t\t\t\t\t\t\t\t\t<\/li>\n\t\t\t\t\t\t<\/ul>\n\t\t\t\t<\/div>\n\t\t\t\t<\/div>\n\t\t\t\t\t<\/div>\n\t\t<\/div>\n\t\t\t\t<div class=\"elementor-column elementor-col-33 elementor-inner-column elementor-element elementor-element-f202ecd\" data-id=\"f202ecd\" data-element_type=\"column\" data-settings=\"{&quot;background_background&quot;:&quot;classic&quot;}\">\n\t\t\t<div class=\"elementor-widget-wrap elementor-element-populated\">\n\t\t\t\t\t\t\t\t<div class=\"elementor-element elementor-element-185f684 elementor-widget elementor-widget-image\" data-id=\"185f684\" data-element_type=\"widget\" data-widget_type=\"image.default\">\n\t\t\t\t<div class=\"elementor-widget-container\">\n\t\t\t\t\t\t\t\t\t\t\t\t\t\t\t<img decoding=\"async\" src=\"https:\/\/hsc.edu.vn\/wp-content\/uploads\/elementor\/thumbs\/HSC-Nhom-Nganh-2-1-q67symfbm49s96vcrah2xnp32ykveb1p7vy85radpc.jpg\" title=\"HSC-Nhom-Nganh-2.jpg\" alt=\"HSC-Nhom-Nganh-2.jpg\" loading=\"lazy\" \/>\t\t\t\t\t\t\t\t\t\t\t\t\t\t\t<\/div>\n\t\t\t\t<\/div>\n\t\t\t\t<div class=\"elementor-element elementor-element-4758fd5 elementor-widget elementor-widget-heading\" data-id=\"4758fd5\" data-element_type=\"widget\" data-widget_type=\"heading.default\">\n\t\t\t\t<div class=\"elementor-widget-container\">\n\t\t\t<h2 class=\"elementor-heading-title elementor-size-default\">NH\u00d3M NG\u00c0NH S\u1ee8C KH\u1eceE<\/h2>\t\t<\/div>\n\t\t\t\t<\/div>\n\t\t\t\t<div class=\"elementor-element elementor-element-4b58362 elementor-icon-list--layout-traditional elementor-list-item-link-full_width elementor-widget elementor-widget-icon-list\" data-id=\"4b58362\" data-element_type=\"widget\" data-widget_type=\"icon-list.default\">\n\t\t\t\t<div class=\"elementor-widget-container\">\n\t\t\t\t\t<ul class=\"elementor-icon-list-items\">\n\t\t\t\t\t\t\t<li class=\"elementor-icon-list-item\">\n\t\t\t\t\t\t\t\t\t\t\t<a href=\"https:\/\/tuyensinh.hsc.edu.vn\/thu-ky-y-khoa\" target=\"_blank\">\n\n\t\t\t\t\t\t\t\t\t\t\t\t<span class=\"elementor-icon-list-icon\">\n\t\t\t\t\t\t\t<svg xmlns=\"http:\/\/www.w3.org\/2000\/svg\" width=\"29\" height=\"20\" viewbox=\"0 0 29 20\"><defs><style>      .cls-1 {        fill: #243e83;        fill-opacity: 0.6;        fill-rule: evenodd;      }    <\/style><\/defs><path id=\"Color_Fill_1\" data-name=\"Color Fill 1\" class=\"cls-1\" d=\"M0,0H18L29,10,17,20H0V0Z\"><\/path><\/svg>\t\t\t\t\t\t<\/span>\n\t\t\t\t\t\t\t\t\t\t<span class=\"elementor-icon-list-text\">Qu\u1ea3n tr\u1ecb v\u0103n ph\u00f2ng<\/br> ( Chuy\u00ean Th\u01b0 k\u00fd Y khoa )<\/span>\n\t\t\t\t\t\t\t\t\t\t\t<\/a>\n\t\t\t\t\t\t\t\t\t<\/li>\n\t\t\t\t\t\t<\/ul>\n\t\t\t\t<\/div>\n\t\t\t\t<\/div>\n\t\t\t\t\t<\/div>\n\t\t<\/div>\n\t\t\t\t\t\t\t<\/div>\n\t\t<\/section>\n\t\t\t\t<div class=\"elementor-element elementor-element-fe5393e elementor-widget elementor-widget-spacer\" data-id=\"fe5393e\" data-element_type=\"widget\" data-widget_type=\"spacer.default\">\n\t\t\t\t<div class=\"elementor-widget-container\">\n\t\t\t\t\t<div class=\"elementor-spacer\">\n\t\t\t<div class=\"elementor-spacer-inner\"><\/div>\n\t\t<\/div>\n\t\t\t\t<\/div>\n\t\t\t\t<\/div>\n\t\t\t\t\t<\/div>\n\t\t<\/div>\n\t\t\t\t\t\t\t<\/div>\n\t\t<\/section>\n\t\t\t\t<section class=\"elementor-section elementor-top-section elementor-element elementor-element-ad56a3f elementor-section-boxed elementor-section-height-default elementor-section-height-default wpr-particle-no wpr-jarallax-no wpr-parallax-no wpr-sticky-section-no\" data-id=\"ad56a3f\" data-element_type=\"section\">\n\t\t\t\t\t\t<div class=\"elementor-container elementor-column-gap-default\">\n\t\t\t\t\t<div class=\"elementor-column elementor-col-100 elementor-top-column elementor-element elementor-element-bb9294d\" data-id=\"bb9294d\" data-element_type=\"column\">\n\t\t\t<div class=\"elementor-widget-wrap\">\n\t\t\t\t\t\t\t\t\t<\/div>\n\t\t<\/div>\n\t\t\t\t\t\t\t<\/div>\n\t\t<\/section>\n\t\t\t\t\t\t\t<\/div>","protected":false},"excerpt":{"rendered":"<p>5 NH\u00d3M NG\u00c0NH &amp; 9 NG\u00c0NH \u0110\u00c0O T\u1ea0O NH\u00d3M NG\u00c0NH KINH T\u1ebe Qu\u1ea3n tr\u1ecb Doanh Nghi\u1ec7p K\u1ebf to\u00e1n doanh nghi\u1ec7p NH\u00d3M NG\u00c0NH NG\u00d4N NG\u1eee Ti\u1ebfng Anh Th\u01b0\u01a1ng m\u1ea1i NH\u00d3M NG\u00c0NH D\u1ecaCH V\u1ee4 Qu\u1ea3n tr\u1ecb kh\u00e1ch s\u1ea1n Qu\u1ea3n tr\u1ecb nh\u00e0 h\u00e0ng NH\u00d3M NG\u00c0NH C\u00d4NG NGH\u1ec6 C\u00f4ng ngh\u1ec7 th\u00f4ng tin Qu\u1ea3n tr\u1ecb m\u1ea1ng Thi\u1ebft k\u1ebf \u0111\u1ed3 h\u1ecda [&hellip;]<\/p>","protected":false},"author":1,"featured_media":0,"parent":0,"menu_order":0,"comment_status":"closed","ping_status":"closed","template":"","meta":{"om_disable_all_campaigns":false,"_monsterinsights_skip_tracking":false,"_monsterinsights_sitenote_active":false,"_monsterinsights_sitenote_note":"","_monsterinsights_sitenote_category":0,"_uf_show_specific_survey":0,"_uf_disable_surveys":false,"footnotes":""},"class_list":["post-19027","page","type-page","status-publish","hentry"],"_links":{"self":[{"href":"https:\/\/hsc.edu.vn\/en\/wp-json\/wp\/v2\/pages\/19027","targetHints":{"allow":["GET"]}}],"collection":[{"href":"https:\/\/hsc.edu.vn\/en\/wp-json\/wp\/v2\/pages"}],"about":[{"href":"https:\/\/hsc.edu.vn\/en\/wp-json\/wp\/v2\/types\/page"}],"author":[{"embeddable":true,"href":"https:\/\/hsc.edu.vn\/en\/wp-json\/wp\/v2\/users\/1"}],"replies":[{"embeddable":true,"href":"https:\/\/hsc.edu.vn\/en\/wp-json\/wp\/v2\/comments?post=19027"}],"version-history":[{"count":10,"href":"https:\/\/hsc.edu.vn\/en\/wp-json\/wp\/v2\/pages\/19027\/revisions"}],"predecessor-version":[{"id":24446,"href":"https:\/\/hsc.edu.vn\/en\/wp-json\/wp\/v2\/pages\/19027\/revisions\/24446"}],"wp:attachment":[{"href":"https:\/\/hsc.edu.vn\/en\/wp-json\/wp\/v2\/media?parent=19027"}],"curies":[{"name":"wp","href":"https:\/\/api.w.org\/{rel}","templated":true}]}}